{"id":3175,"date":"2020-12-22T17:48:55","date_gmt":"2020-12-22T16:48:55","guid":{"rendered":"https:\/\/encircular.es\/politica-de-privacidad\/"},"modified":"2020-12-22T17:48:59","modified_gmt":"2020-12-22T16:48:59","slug":"politica-de-privacidad","status":"publish","type":"page","link":"https:\/\/encircular.es\/ca\/politica-de-privacidad\/","title":{"rendered":"Pol\u00edtica de Privacidad"},"content":{"rendered":"<p><strong>1. \u00bfQui\u00e9n es el responsable del tratamiento de sus datos?<\/strong> ASOCIACI\u00d3N DE DISE\u00d1ADORES DE LA COMUNIDAD VALENCIANA G46327102 CALLE JUAN VERDEGUER 16 \u2013 46024 VALENCIA Tel. 963 510 028 protecciondatos@adcv.com <strong>2. \u00bfCon qu\u00e9 finalidad tratamos sus datos personales?<\/strong> En ASOCIACI\u00d3N DE DISE\u00d1ADORES DE LA COMUNIDAD VALENCIANA tratamos la informaci\u00f3n que nos facilitan las personas interesadas con el fin de realizar la gesti\u00f3n administrativa, contable y fiscal de los servicios solicitados, as\u00ed como enviar comunicaciones comerciales sobre nuestros productos y servicios. <strong>3. \u00bfPor cu\u00e1nto tiempo conservaremos sus datos?<\/strong> Los datos se conservar\u00e1n mientras se mantenga la relaci\u00f3n comercial, y en su caso, durante los a\u00f1os necesarios para cumplir con las obligaciones legales. <strong>4. \u00bfCu\u00e1l es la legitimaci\u00f3n para el tratamiento de sus datos?<\/strong> Le indicamos la base legal para el tratamiento de sus datos: \u2022 Ejecuci\u00f3n de un contrato: Prestaci\u00f3n de los servicios solicitados \u2022 Inter\u00e9s leg\u00edtimo del responsable: Env\u00edo de comunicaciones comerciales15 <strong>5. \u00bfA qu\u00e9 destinatarios se comunicar\u00e1n sus datos?<\/strong> No se ceder\u00e1n datos a terceros, salvo obligaci\u00f3n legal. <strong>6. Transferencias de datos a terceros pa\u00edses<\/strong> No est\u00e1n previstas transferencias de datos a terceros pa\u00edses. <strong>7. \u00bfCu\u00e1les son sus derechos cuando nos facilita sus datos?<\/strong> Cualquier persona tiene derecho a obtener confirmaci\u00f3n sobre si en ASOCIACI\u00d3N DE DISE\u00d1ADORES DE LA COMUNIDAD VALENCIANA estamos tratando datos personales que les conciernan, o no. Las personas interesadas tienen derecho a acceder a sus datos personales, as\u00ed como a solicitar la rectificaci\u00f3n de los datos inexactos o, en su caso, solicitar su supresi\u00f3n cuando, entre otros motivos, los datos ya no sean necesarios para los fines que fueron recogidos. En determinadas circunstancias, los interesados podr\u00e1n solicitar la limitaci\u00f3n del tratamiento de sus datos, en cuyo caso \u00fanicamente los conservaremos para el ejercicio o la defensa de reclamaciones. En determinadas circunstancias y por motivos relacionados con su situaci\u00f3n particular, los interesados podr\u00e1n oponerse al tratamiento de sus datos. En este caso, ASOCIACI\u00d3N DE DISE\u00d1ADORES DE LA COMUNIDAD VALENCIANA dejar\u00e1 de tratar los datos, salvo por motivos leg\u00edtimos imperiosos, o el ejercicio o la defensa de posibles reclamaciones. Podr\u00e1 ejercitar materialmente sus derechos de la siguiente forma: dirigi\u00e9ndose a la direcci\u00f3n de correo: protecciondatos@adcv.com Si ha otorgado su consentimiento para alguna finalidad concreta, tiene derecho a retirar el consentimiento otorgado en cualquier momento, sin que ello afecte a la licitud del tratamiento basado en el consentimiento previo a su retirada. En caso de que sienta vulnerados sus derechos en lo concerniente a la protecci\u00f3n de sus datos personales, especialmente cuando no haya obtenido satisfacci\u00f3n en el ejercicio de sus derechos, puede presentar una reclamaci\u00f3n ante la Autoridad de Control en materia de Protecci\u00f3n de Datos competente a trav\u00e9s de su sitio web: www.agpd.es. <strong>8. \u00bfC\u00f3mo hemos obtenido sus datos?<\/strong> Los datos personales que tratamos en ASOCIACI\u00d3N DE DISE\u00d1ADORES DE LA COMUNIDAD VALENCIANA proceden del propio interesado. Las categor\u00edas de datos que se tratan son: \u2022 Datos identificativos \u2022 Direcciones postales y electr\u00f3nicas \u2022 Informaci\u00f3n comercial No se tratan categor\u00edas especiales de datos personales (son aquellos datos que revelen el origen \u00e9tnico o racial, las opiniones pol\u00edticas, las convicciones religiosas o filos\u00f3ficas, o la afiliaci\u00f3n sindical, datos gen\u00e9ticos, datos biom\u00e9tricos dirigidos a identificar de manera un\u00edvoca a una persona f\u00edsica, datos relativos a la salud o datos relativos a la vida sexual o la orientaci\u00f3n sexual de una persona f\u00edsica).<\/p>\n","protected":false},"excerpt":{"rendered":"<p>1. \u00bfQui\u00e9n es el responsable del tratamiento de sus datos? ASOCIACI\u00d3N DE DISE\u00d1ADORES DE LA COMUNIDAD VALENCIANA G46327102 CALLE JUAN VERDEGUER 16 \u2013 46024 VALENCIA Tel. 963 510 028 protecciondatos@adcv.com 2. \u00bfCon qu\u00e9 finalidad tratamos sus datos personales? En ASOCIACI\u00d3N DE DISE\u00d1ADORES DE LA COMUNIDAD VALENCIANA tratamos la informaci\u00f3n que nos facilitan las personas interesadas [&hellip;]<\/p>\n","protected":false},"author":1,"featured_media":0,"parent":0,"menu_order":0,"comment_status":"closed","ping_status":"closed","template":"","meta":[],"_links":{"self":[{"href":"https:\/\/encircular.es\/ca\/wp-json\/wp\/v2\/pages\/3175\/"}],"collection":[{"href":"https:\/\/encircular.es\/ca\/wp-json\/wp\/v2\/pages\/"}],"about":[{"href":"https:\/\/encircular.es\/ca\/wp-json\/wp\/v2\/types\/page\/"}],"author":[{"embeddable":true,"href":"https:\/\/encircular.es\/ca\/wp-json\/wp\/v2\/users\/1\/"}],"replies":[{"embeddable":true,"href":"https:\/\/encircular.es\/ca\/wp-json\/wp\/v2\/comments\/?post=3175"}],"version-history":[{"count":1,"href":"https:\/\/encircular.es\/ca\/wp-json\/wp\/v2\/pages\/3175\/revisions\/"}],"predecessor-version":[{"id":3176,"href":"https:\/\/encircular.es\/ca\/wp-json\/wp\/v2\/pages\/3175\/revisions\/3176\/"}],"wp:attachment":[{"href":"https:\/\/encircular.es\/ca\/wp-json\/wp\/v2\/media\/?parent=3175"}],"curies":[{"name":"wp","href":"https:\/\/api.w.org\/{rel}","templated":true}]}}