{"id":3165,"date":"2020-12-22T17:47:27","date_gmt":"2020-12-22T16:47:27","guid":{"rendered":"https:\/\/encircular.es\/politica-de-cookies\/"},"modified":"2020-12-22T17:47:27","modified_gmt":"2020-12-22T16:47:27","slug":"politica-de-cookies","status":"publish","type":"page","link":"https:\/\/encircular.es\/en\/politica-de-cookies\/","title":{"rendered":"Pol\u00edtica de Cookies"},"content":{"rendered":"<p>La ASOCIACI\u00d3N DE DISE\u00d1ADORES DE LA COMUNIDAD VALENCIANA puede recopilar informaci\u00f3n sobre los h\u00e1bitos de b\u00fasqueda de los usuarios del website por medio de cookies o archivos de registro. No se utilizar\u00e1n las cookies para recoger informaci\u00f3n de car\u00e1cter personal. Solamente se instalar\u00e1n si el Usuario permanece y contin\u00faa navegando en nuestra p\u00e1gina web, entendiendo que consiente su uso e instalaci\u00f3n. A continuaci\u00f3n, proporcionamos informaci\u00f3n detallada sobre qu\u00e9 es una cookie, para qu\u00e9 sirve, qu\u00e9 tipos de cookies utilizamos, cu\u00e1les son sus finalidades y c\u00f3mo puede configurarlas o deshabilitarlas si as\u00ed lo desea.<\/p>\n<p><strong>a) \u00bfQu\u00e9 es una cookie y para qu\u00e9 sirve?<\/strong><\/p>\n<p>Una &#8220;Cookie&#8221; es un peque\u00f1o archivo que se almacena en el ordenador del usuario, Tablet, smartphone o cualquier otro dispositivo con informaci\u00f3n sobre la navegaci\u00f3n.<\/p>\n<p>El conjunto de &#8220;cookies&#8221; de todos nuestros usuarios nos ayuda a mejorar la calidad de nuestra web, permiti\u00e9ndonos controlar qu\u00e9 p\u00e1ginas son \u00fatiles, cu\u00e1les no y cu\u00e1les son susceptibles de mejora.<\/p>\n<p>Las cookies son esenciales para el funcionamiento de Internet, aportando innumerables ventajas en la prestaci\u00f3n de servicios interactivos, facilit\u00e1ndole la navegaci\u00f3n y usabilidad de nuestro website.<\/p>\n<p>En ning\u00fan caso las cookies podr\u00edan da\u00f1ar su equipo. Por contra, el que est\u00e9n activas nos ayuda a identificar y resolver los errores.<\/p>\n<p><strong>b)\u00a0\u00bfQu\u00e9 tipos de cookies utilizamos?<\/strong><\/p>\n<p>Seg\u00fan la entidad que la gestiona:<\/p>\n<p>\u2022 <strong>Cookies propias<\/strong>: Son aquellas que se env\u00edan a su equipo desde nuestros propios equipos o dominios y desde el que prestamos el servicio que nos solicita.<\/p>\n<p>\u2022 <strong>Cookies de terceros<\/strong>: Son aquellas que se env\u00edan a su equipo desde un equipo o dominio que no es gestionado por nosotros, sino por otra entidad colaboradora. Como, por ejemplo, las usadas por redes sociales, o por contenido externo como Google Maps.<\/p>\n<p>Seg\u00fan el plazo de tiempo que permanecen activadas:<\/p>\n<p>\u2022 <strong>Cookies de sesi\u00f3n<\/strong>: Son cookies temporales que permanecen en el archivo de cookies de su navegador hasta que el Usuario abandona la p\u00e1gina web, por lo que ninguna queda registrada en el disco duro de su ordenador. La informaci\u00f3n obtenida por medio de estas cookies, sirven para analizar pautas de tr\u00e1fico en el website. A la larga, esto nos permite proporcionar una mejor experiencia para mejorar el contenido y facilitar su uso.<\/p>\n<p>\u2022 <strong>Cookies persistentes<\/strong>: son almacenadas en el disco duro y nuestra web las lee cada vez que el Usuario realiza una nueva visita. Una cookie permanente posee una fecha de expiraci\u00f3n determinada. La cookie dejar\u00e1 de funcionar despu\u00e9s de esa fecha. Estas cookies las utilizamos, generalmente, para facilitar los servicios de compra y registro.<\/p>\n<p>Seg\u00fan su finalidad:<\/p>\n<p>\u2022 <strong>Cookies t\u00e9cnicas<\/strong>: Son aquellas necesarias para la navegaci\u00f3n y el buen funcionamiento de nuestro website. Permiten, por ejemplo, controlar el tr\u00e1fico y la comunicaci\u00f3n de datos, acceder a partes de acceso restringido, realizar el proceso de compra de un pedido, utilizar elementos de seguridad, almacenar contenidos para poder difundir v\u00eddeos o compartir contenidos a trav\u00e9s de redes sociales.<\/p>\n<p>\u2022 <strong>Cookies de personalizaci\u00f3n<\/strong>: Son aqu\u00e9llas que permiten al Usuario acceder al servicio con unas caracter\u00edsticas predefinidas en funci\u00f3n de una serie de criterios, como por ejemplo el idioma, el tipo de navegador a trav\u00e9s del cual se accede al servicio, la configuraci\u00f3n regional desde donde se accede al servicio, etc.<\/p>\n<p>\u2022 <strong>Cookies de an\u00e1lisis<\/strong>: Son aqu\u00e9llas que nos permiten cuantificar el n\u00famero de usuarios y as\u00ed realizar la medici\u00f3n y an\u00e1lisis estad\u00edstico de la utilizaci\u00f3n que hacen los usuarios de los servicios prestados.<\/p>\n<p>Para ello se analiza su navegaci\u00f3n en nuestro website con el fin de mejorar la oferta de productos y servicios que ofrecemos.<\/p>\n<p>\u2022 <strong>Cookies publicitarias<\/strong>: Son aqu\u00e9llas que permiten la gesti\u00f3n, de la forma m\u00e1s eficaz posible, de los espacios publicitarios que se pudieran incluir en nuestro website.<\/p>\n<p>\u2022 <strong>Cookies de publicidad comportamental<\/strong>: Estas cookies almacenan informaci\u00f3n del comportamiento de los usuarios obtenida a trav\u00e9s de la observaci\u00f3n continuada. Gracias a ellas, podr\u00edamos conocer los h\u00e1bitos de navegaci\u00f3n en Internet y mostrarle publicidad relacionada con su perfil de navegaci\u00f3n.<br \/>\nA continuaci\u00f3n, detallamos las cookies utilizadas en nuestra web y el proveedor al que pertenecen. Cookies propias son las que pertenecen a nuestro dominio y cookies de terceros son las que pertenecen a otros dominios seg\u00fan la tabla siguiente:<\/p>\n<p>&nbsp;<\/p>\n<table style=\"width: 100%;\">\n<thead>\n<tr>\n<th>Pertenencia<\/th>\n<th>Finalidad<\/th>\n<th>Nombre<\/th>\n<th>Duraci\u00f3n<\/th>\n<\/tr>\n<\/thead>\n<tbody>\n<tr>\n<td>Google analytics<\/td>\n<td>Google Analytics se utiliza para recoger estad\u00edsticas an\u00f3nimas de visitas y uso, como la duraci\u00f3n, origen y destino y duraci\u00f3n de las sesiones de navegaci\u00f3n, as\u00ed como crear listas de remarketing para mostrar anuncios de inter\u00e9s para el usuario.<\/td>\n<td>_dc_gtm_UA50284554-1<\/td>\n<td>Persistente<\/td>\n<\/tr>\n<tr>\n<td><\/td>\n<td>Google Analytics la utiliza para distinguir a los usuarios con una duraci\u00f3n m\u00e1xima de 2 a\u00f1os.<\/td>\n<td>_gid<\/td>\n<td>Persistente<\/td>\n<\/tr>\n<tr>\n<td><\/td>\n<td>Google Analytics la utiliza para distinguir a los usuarios con una duraci\u00f3n m\u00e1xima de 24 horas<\/td>\n<td>_gid<\/td>\n<td>Persistente<\/td>\n<\/tr>\n<tr>\n<td><\/td>\n<td>Google Analytics la utiliza para distinguir a los usuarios con una duraci\u00f3n m\u00e1xima de 24 horas<\/td>\n<td>_gid<\/td>\n<td>Persistente<\/td>\n<\/tr>\n<\/tbody>\n<\/table>\n<p>&nbsp;<\/p>\n<p><strong>\u00bfC\u00f3mo puede el Usuario configurar o deshabilitar las cookies?<\/strong><\/p>\n<p>Puede\u00a0 permitir, bloquear o eliminar las cookies instaladas en su equipo\u00a0 mediante la configuraci\u00f3n de las opciones de su navegador de Internet. En caso de que no permita la instalaci\u00f3n de cookies en su navegador es posible que no pueda acceder a algunos de los servicios y que su experiencia en el website pueda resultar menos satisfactoria.<\/p>\n<p>\u2022 <strong>Firefox<\/strong>: <a href=\"http:\/\/support.mozilla.org\/es\/kb\/habilitar-y-deshabilitar-cookies-que-los-sitios-we\" target=\"_blank\" rel=\"noopener noreferrer\">http:\/\/support.mozilla.org\/es\/kb\/habilitar-y-deshabilitar-cookies-que-los-sitios-we<\/a><\/p>\n<p>\u2022 <strong>Chrome<\/strong>: <a href=\"http:\/\/support.google.com\/chrome\/bin\/answer.py?hl=es&answer=95647\" target=\"_blank\" rel=\"noopener noreferrer\">http:\/\/support.google.com\/chrome\/bin\/answer.py?hl=es&answer=95647<\/a><\/p>\n<p>\u2022 <strong>Explorer<\/strong>: <a href=\"https:\/\/support.microsoft.com\/es-es\/help\/17442\" target=\"_blank\" rel=\"noopener noreferrer\">https:\/\/support.microsoft.com\/es-es\/help\/17442<\/a><\/p>\n<p>\u2022 <strong>Safari<\/strong>: <a href=\"http:\/\/support.apple.com\/kb\/ph5042\">http:\/\/support.apple.com\/kb\/ph5042<\/a><\/p>\n<p>\u2022 <strong>Opera<\/strong>: <a href=\"http:\/\/help.opera.com\/Windows\/11.50\/es-ES\/cookies.html\" target=\"_blank\" rel=\"noopener noreferrer\">http:\/\/help.opera.com\/Windows\/11.50\/es-ES\/cookies.html<\/a><\/p>\n<p>\u2022 <strong>Otros navegadores<\/strong>: consulte la documentaci\u00f3n del navegador que tenga instalado.<\/p>\n","protected":false},"excerpt":{"rendered":"<p>La ASOCIACI\u00d3N DE DISE\u00d1ADORES DE LA COMUNIDAD VALENCIANA puede recopilar informaci\u00f3n sobre los h\u00e1bitos de b\u00fasqueda de los usuarios del website por medio de cookies o archivos de registro. No se utilizar\u00e1n las cookies para recoger informaci\u00f3n de car\u00e1cter personal. Solamente se instalar\u00e1n si el Usuario permanece y contin\u00faa navegando en nuestra p\u00e1gina web, entendiendo [&hellip;]<\/p>\n","protected":false},"author":1,"featured_media":0,"parent":0,"menu_order":0,"comment_status":"closed","ping_status":"closed","template":"","meta":[],"_links":{"self":[{"href":"https:\/\/encircular.es\/en\/wp-json\/wp\/v2\/pages\/3165\/"}],"collection":[{"href":"https:\/\/encircular.es\/en\/wp-json\/wp\/v2\/pages\/"}],"about":[{"href":"https:\/\/encircular.es\/en\/wp-json\/wp\/v2\/types\/page\/"}],"author":[{"embeddable":true,"href":"https:\/\/encircular.es\/en\/wp-json\/wp\/v2\/users\/1\/"}],"replies":[{"embeddable":true,"href":"https:\/\/encircular.es\/en\/wp-json\/wp\/v2\/comments\/?post=3165"}],"version-history":[{"count":0,"href":"https:\/\/encircular.es\/en\/wp-json\/wp\/v2\/pages\/3165\/revisions\/"}],"wp:attachment":[{"href":"https:\/\/encircular.es\/en\/wp-json\/wp\/v2\/media\/?parent=3165"}],"curies":[{"name":"wp","href":"https:\/\/api.w.org\/{rel}","templated":true}]}}